{"id":1211,"date":"2025-01-30T11:33:15","date_gmt":"2025-01-30T14:33:15","guid":{"rendered":"https:\/\/staging.aquariodev.com.br\/?page_id=1211"},"modified":"2025-03-28T14:17:07","modified_gmt":"2025-03-28T17:17:07","slug":"creditos","status":"publish","type":"page","link":"https:\/\/relatostar.com.br\/2024\/creditos\/","title":{"rendered":"Cr\u00e9ditos"},"content":{"rendered":"\t\t<div data-elementor-type=\"wp-page\" data-elementor-id=\"1211\" class=\"elementor elementor-1211\" data-elementor-post-type=\"page\">\n\t\t\t\t<div class=\"elementor-element elementor-element-5f70f9e e-con-full e-flex e-con e-parent\" data-id=\"5f70f9e\" data-element_type=\"container\" data-e-type=\"container\">\n\t\t\t\t<div class=\"elementor-element elementor-element-353d222 elementor-widget elementor-widget-image\" data-id=\"353d222\" data-element_type=\"widget\" data-e-type=\"widget\" data-widget_type=\"image.default\">\n\t\t\t\t<div class=\"elementor-widget-container\">\n\t\t\t\t\t\t\t\t\t\t\t\t\t\t\t<img fetchpriority=\"high\" decoding=\"async\" width=\"2560\" height=\"869\" src=\"https:\/\/relatostar.com.br\/2024\/wp-content\/uploads\/2025\/03\/T-Cross-1-scaled.jpeg\" class=\"attachment-full size-full wp-image-4957\" alt=\"\" srcset=\"https:\/\/relatostar.com.br\/2024\/wp-content\/uploads\/2025\/03\/T-Cross-1-scaled.jpeg 2560w, https:\/\/relatostar.com.br\/2024\/wp-content\/uploads\/2025\/03\/T-Cross-1-300x102.jpeg 300w, https:\/\/relatostar.com.br\/2024\/wp-content\/uploads\/2025\/03\/T-Cross-1-1024x348.jpeg 1024w, https:\/\/relatostar.com.br\/2024\/wp-content\/uploads\/2025\/03\/T-Cross-1-768x261.jpeg 768w, https:\/\/relatostar.com.br\/2024\/wp-content\/uploads\/2025\/03\/T-Cross-1-1536x522.jpeg 1536w, https:\/\/relatostar.com.br\/2024\/wp-content\/uploads\/2025\/03\/T-Cross-1-2048x695.jpeg 2048w\" sizes=\"(max-width: 2560px) 100vw, 2560px\" \/>\t\t\t\t\t\t\t\t\t\t\t\t\t\t\t<\/div>\n\t\t\t\t<\/div>\n\t\t\t\t<\/div>\n\t\t<div class=\"elementor-element elementor-element-4327e7e e-con-full e-flex e-con e-parent\" data-id=\"4327e7e\" data-element_type=\"container\" data-e-type=\"container\">\n\t\t\t\t<div class=\"elementor-element elementor-element-171b910 elementor-widget-mobile__width-inherit vw-default-padding elementor-widget elementor-widget-netuna_title_subtitle\" data-id=\"171b910\" data-element_type=\"widget\" data-e-type=\"widget\" data-widget_type=\"netuna_title_subtitle.default\">\n\t\t\t\t<div class=\"elementor-widget-container\">\n\t\t\t\t\t            <style>\r\n                .nta-widget-title-subtitle-container{\r\n                    padding: 24px 0;\r\n                    \/* position: relative; *\/\r\n                    overflow: hidden;\r\n                }\r\n\r\n                .nta-widget-title-subtitle-container::after{\r\n                    content: '';\r\n                    width: 100vw;\r\n                    border-bottom: 1px solid #dfe4e8;\r\n                    position: absolute;\r\n                    left: -50%;\r\n                    right: -50%;\r\n                    bottom: 0;\r\n                    margin: 0 auto;\r\n                }\r\n\r\n                h1.nta-widget-title-subtitle{\r\n                    font-family: \"VW Head\", Sans-serif;\r\n                    font-size: 60px;\r\n                    font-weight: 200;\r\n                }\r\n\r\n                h2.nta-widget-title-subtitle{\r\n                    font-family: \"VW Head\", Sans-serif;\r\n                    font-size: 30px;\r\n                    font-weight: 200;\r\n                }\r\n\r\n                h1.nta-widget-title-subtitle strong, h2.nta-widget-title-subtitle strong{\r\n                    font-weight: 700;\r\n                }\r\n            <\/style>\r\n            <div class=\"nta-widget-title-subtitle-container\">\r\n                <h1 class=\"nta-widget-title-subtitle\">Cr\u00e9ditos\n<\/h1>\r\n                <h2 class=\"nta-widget-title-subtitle\"><\/h2>\r\n            <\/div>\r\n\t\t\t\t<\/div>\n\t\t\t\t<\/div>\n\t\t\t\t<div class=\"elementor-element elementor-element-427a72c vw-default-padding elementor-widget elementor-widget-netuna_breadcrumbs\" data-id=\"427a72c\" data-element_type=\"widget\" data-e-type=\"widget\" data-widget_type=\"netuna_breadcrumbs.default\">\n\t\t\t\t<div class=\"elementor-widget-container\">\n\t\t\t\t\t            <style>\r\n                .nta-widget-breadcrumbs a{\r\n                    font-family: \"VW Text\", Sans-serif;\r\n                    font-size: 16px;\r\n                    font-weight: 400;\r\n                    color: #001E50;\r\n                    text-decoration: underline;\r\n                }\r\n\r\n                .nta-widget-breadcrumbs a.current_page_title{\r\n                    font-family: \"VW Text\", Sans-serif;\r\n                    font-size: 16px;\r\n                    font-weight: 700;\r\n                    color: #000;\r\n                    text-decoration: none;\r\n                }\r\n\r\n                .nta-widget-breadcrumbs i {\r\n                    font-family: 'Font Awesome\\ 5 Free';\r\n                    font-weight: 900;\r\n                }\r\n\r\n                .nta-widget-breadcrumbs .caret {\r\n                    display: inline-block;\r\n                    border-top: 5px solid transparent;\r\n                    border-right: 0px solid transparent;\r\n                    border-bottom: 5px solid transparent;\r\n                    border-left: 7px solid #000;\r\n                    margin: 0 10px;\r\n                }\r\n            <\/style>\r\n            <!-- <i class=\"fa fa-caret-right\" aria-hidden=\"true\"><\/i> -->\r\n            <!-- <i class=\"fas fa-caret-right\"><\/i> -->\r\n            <div class=\"nta-widget-breadcrumbs\">\r\n                <a href=\"https:\/\/relatostar.com.br\/2024\">In\u00edcio<\/a> <span class=\"caret\"><\/span> <a href=\"https:\/\/relatostar.com.br\/2024\/creditos\/\" class=\"current_page_title\">Cr\u00e9ditos<\/a>\r\n            <\/div>\r\n\t\t\t\t<\/div>\n\t\t\t\t<\/div>\n\t\t\t\t<\/div>\n\t\t<div class=\"elementor-element elementor-element-c994174 e-con-full e-flex e-con e-parent\" data-id=\"c994174\" data-element_type=\"container\" data-e-type=\"container\">\n\t\t\t\t<div class=\"elementor-element elementor-element-bd78a10 vw-text elementor-widget__width-inherit elementor-widget elementor-widget-text-editor\" data-id=\"bd78a10\" data-element_type=\"widget\" data-e-type=\"widget\" data-widget_type=\"text-editor.default\">\n\t\t\t\t<div class=\"elementor-widget-container\">\n\t\t\t\t\t\t\t\t\t<h5><strong>Coordena\u00e7\u00e3o geral do projeto \u2013 Volkswagen do Brasil<\/strong><\/h5><p>Maria Helena Zucchi Calado<br \/>Marcos Alexandre Martins<br \/><br \/><\/p><h5><strong>Fotografia<\/strong><\/h5><p>Acervo Volkswagen do Brasil<br \/><br \/><\/p><h5><strong>Consultoria GRI, coordena\u00e7\u00e3o editorial e design<\/strong><\/h5><h5><span style=\"color: #001e50;\"><strong><a style=\"color: #001e50;\" href=\"https:\/\/www.star-7.com\/br\" target=\"_blank\" rel=\"noopener\">Star7<\/a><\/strong><\/span><\/h5><p>Supervis\u00e3o, edi\u00e7\u00e3o e reda\u00e7\u00e3o: Rafael Barbosa<br \/>Atendimento: Jo\u00e3o Vargas<\/p>\t\t\t\t\t\t\t\t<\/div>\n\t\t\t\t<\/div>\n\t\t\t\t<\/div>\n\t\t\t\t<\/div>\n\t\t","protected":false},"excerpt":{"rendered":"<p>Cr\u00e9ditos In\u00edcio Cr\u00e9ditos Coordena\u00e7\u00e3o geral do projeto \u2013 Volkswagen do Brasil Maria Helena Zucchi CaladoMarcos Alexandre Martins Fotografia Acervo Volkswagen do Brasil Consultoria GRI, coordena\u00e7\u00e3o editorial e design Star7 Supervis\u00e3o, edi\u00e7\u00e3o e reda\u00e7\u00e3o: Rafael BarbosaAtendimento: Jo\u00e3o Vargas<\/p>\n","protected":false},"author":1,"featured_media":0,"parent":0,"menu_order":0,"comment_status":"closed","ping_status":"closed","template":"elementor_header_footer","meta":{"inline_featured_image":false,"footnotes":""},"class_list":["post-1211","page","type-page","status-publish","hentry"],"_links":{"self":[{"href":"https:\/\/relatostar.com.br\/2024\/wp-json\/wp\/v2\/pages\/1211","targetHints":{"allow":["GET"]}}],"collection":[{"href":"https:\/\/relatostar.com.br\/2024\/wp-json\/wp\/v2\/pages"}],"about":[{"href":"https:\/\/relatostar.com.br\/2024\/wp-json\/wp\/v2\/types\/page"}],"author":[{"embeddable":true,"href":"https:\/\/relatostar.com.br\/2024\/wp-json\/wp\/v2\/users\/1"}],"replies":[{"embeddable":true,"href":"https:\/\/relatostar.com.br\/2024\/wp-json\/wp\/v2\/comments?post=1211"}],"version-history":[{"count":0,"href":"https:\/\/relatostar.com.br\/2024\/wp-json\/wp\/v2\/pages\/1211\/revisions"}],"wp:attachment":[{"href":"https:\/\/relatostar.com.br\/2024\/wp-json\/wp\/v2\/media?parent=1211"}],"curies":[{"name":"wp","href":"https:\/\/api.w.org\/{rel}","templated":true}]}}