{"id":1209,"date":"2025-01-30T11:32:10","date_gmt":"2025-01-30T14:32:10","guid":{"rendered":"https:\/\/staging.aquariodev.com.br\/?page_id=1209"},"modified":"2025-06-03T13:59:54","modified_gmt":"2025-06-03T16:59:54","slug":"download","status":"publish","type":"page","link":"https:\/\/relatostar.com.br\/2024\/download\/","title":{"rendered":"Download"},"content":{"rendered":"\t\t<div data-elementor-type=\"wp-page\" data-elementor-id=\"1209\" class=\"elementor elementor-1209\" data-elementor-post-type=\"page\">\n\t\t\t\t<div class=\"elementor-element elementor-element-5f70f9e e-con-full e-flex e-con e-parent\" data-id=\"5f70f9e\" data-element_type=\"container\" data-e-type=\"container\">\n\t\t\t\t<div class=\"elementor-element elementor-element-353d222 elementor-widget elementor-widget-image\" data-id=\"353d222\" data-element_type=\"widget\" data-e-type=\"widget\" data-widget_type=\"image.default\">\n\t\t\t\t<div class=\"elementor-widget-container\">\n\t\t\t\t\t\t\t\t\t\t\t\t\t\t\t<img fetchpriority=\"high\" decoding=\"async\" width=\"2560\" height=\"1440\" src=\"https:\/\/relatostar.com.br\/2024\/wp-content\/uploads\/2025\/03\/cae3a338-3625-402d-a863-3924dbff1e57_medium-scaled.jpeg\" class=\"attachment-full size-full wp-image-4933\" alt=\"\" srcset=\"https:\/\/relatostar.com.br\/2024\/wp-content\/uploads\/2025\/03\/cae3a338-3625-402d-a863-3924dbff1e57_medium-scaled.jpeg 2560w, https:\/\/relatostar.com.br\/2024\/wp-content\/uploads\/2025\/03\/cae3a338-3625-402d-a863-3924dbff1e57_medium-300x169.jpeg 300w, https:\/\/relatostar.com.br\/2024\/wp-content\/uploads\/2025\/03\/cae3a338-3625-402d-a863-3924dbff1e57_medium-1024x576.jpeg 1024w, https:\/\/relatostar.com.br\/2024\/wp-content\/uploads\/2025\/03\/cae3a338-3625-402d-a863-3924dbff1e57_medium-768x432.jpeg 768w, https:\/\/relatostar.com.br\/2024\/wp-content\/uploads\/2025\/03\/cae3a338-3625-402d-a863-3924dbff1e57_medium-1536x864.jpeg 1536w, https:\/\/relatostar.com.br\/2024\/wp-content\/uploads\/2025\/03\/cae3a338-3625-402d-a863-3924dbff1e57_medium-2048x1152.jpeg 2048w\" sizes=\"(max-width: 2560px) 100vw, 2560px\" \/>\t\t\t\t\t\t\t\t\t\t\t\t\t\t\t<\/div>\n\t\t\t\t<\/div>\n\t\t\t\t<\/div>\n\t\t<div class=\"elementor-element elementor-element-4327e7e e-con-full e-flex e-con e-parent\" data-id=\"4327e7e\" data-element_type=\"container\" data-e-type=\"container\">\n\t\t\t\t<div class=\"elementor-element elementor-element-171b910 elementor-widget-mobile__width-inherit vw-default-padding elementor-widget elementor-widget-netuna_title_subtitle\" data-id=\"171b910\" data-element_type=\"widget\" data-e-type=\"widget\" data-widget_type=\"netuna_title_subtitle.default\">\n\t\t\t\t<div class=\"elementor-widget-container\">\n\t\t\t\t\t            <style>\r\n                .nta-widget-title-subtitle-container{\r\n                    padding: 24px 0;\r\n                    \/* position: relative; *\/\r\n                    overflow: hidden;\r\n                }\r\n\r\n                .nta-widget-title-subtitle-container::after{\r\n                    content: '';\r\n                    width: 100vw;\r\n                    border-bottom: 1px solid #dfe4e8;\r\n                    position: absolute;\r\n                    left: -50%;\r\n                    right: -50%;\r\n                    bottom: 0;\r\n                    margin: 0 auto;\r\n                }\r\n\r\n                h1.nta-widget-title-subtitle{\r\n                    font-family: \"VW Head\", Sans-serif;\r\n                    font-size: 60px;\r\n                    font-weight: 200;\r\n                }\r\n\r\n                h2.nta-widget-title-subtitle{\r\n                    font-family: \"VW Head\", Sans-serif;\r\n                    font-size: 30px;\r\n                    font-weight: 200;\r\n                }\r\n\r\n                h1.nta-widget-title-subtitle strong, h2.nta-widget-title-subtitle strong{\r\n                    font-weight: 700;\r\n                }\r\n            <\/style>\r\n            <div class=\"nta-widget-title-subtitle-container\">\r\n                <h1 class=\"nta-widget-title-subtitle\">Download\n<\/h1>\r\n                <h2 class=\"nta-widget-title-subtitle\"><\/h2>\r\n            <\/div>\r\n\t\t\t\t<\/div>\n\t\t\t\t<\/div>\n\t\t\t\t<div class=\"elementor-element elementor-element-32ec9fa vw-default-padding elementor-widget elementor-widget-netuna_breadcrumbs\" data-id=\"32ec9fa\" data-element_type=\"widget\" data-e-type=\"widget\" data-widget_type=\"netuna_breadcrumbs.default\">\n\t\t\t\t<div class=\"elementor-widget-container\">\n\t\t\t\t\t            <style>\r\n                .nta-widget-breadcrumbs a{\r\n                    font-family: \"VW Text\", Sans-serif;\r\n                    font-size: 16px;\r\n                    font-weight: 400;\r\n                    color: #001E50;\r\n                    text-decoration: underline;\r\n                }\r\n\r\n                .nta-widget-breadcrumbs a.current_page_title{\r\n                    font-family: \"VW Text\", Sans-serif;\r\n                    font-size: 16px;\r\n                    font-weight: 700;\r\n                    color: #000;\r\n                    text-decoration: none;\r\n                }\r\n\r\n                .nta-widget-breadcrumbs i {\r\n                    font-family: 'Font Awesome\\ 5 Free';\r\n                    font-weight: 900;\r\n                }\r\n\r\n                .nta-widget-breadcrumbs .caret {\r\n                    display: inline-block;\r\n                    border-top: 5px solid transparent;\r\n                    border-right: 0px solid transparent;\r\n                    border-bottom: 5px solid transparent;\r\n                    border-left: 7px solid #000;\r\n                    margin: 0 10px;\r\n                }\r\n            <\/style>\r\n            <!-- <i class=\"fa fa-caret-right\" aria-hidden=\"true\"><\/i> -->\r\n            <!-- <i class=\"fas fa-caret-right\"><\/i> -->\r\n            <div class=\"nta-widget-breadcrumbs\">\r\n                <a href=\"https:\/\/relatostar.com.br\/2024\">In\u00edcio<\/a> <span class=\"caret\"><\/span> <a href=\"https:\/\/relatostar.com.br\/2024\/download\/\" class=\"current_page_title\">Download<\/a>\r\n            <\/div>\r\n\t\t\t\t<\/div>\n\t\t\t\t<\/div>\n\t\t\t\t<\/div>\n\t\t<div class=\"elementor-element elementor-element-e3a87d1 e-con-full e-flex e-con e-parent\" data-id=\"e3a87d1\" data-element_type=\"container\" data-e-type=\"container\">\n\t\t<div class=\"elementor-element elementor-element-4086b03 e-flex e-con-boxed e-con e-child\" data-id=\"4086b03\" data-element_type=\"container\" data-e-type=\"container\">\n\t\t\t\t\t<div class=\"e-con-inner\">\n\t\t\t\t<div class=\"elementor-element elementor-element-d7b85dd elementor-widget elementor-widget-image\" data-id=\"d7b85dd\" data-element_type=\"widget\" data-e-type=\"widget\" data-widget_type=\"image.default\">\n\t\t\t\t<div class=\"elementor-widget-container\">\n\t\t\t\t\t\t\t\t\t\t\t\t\t\t\t<img decoding=\"async\" width=\"768\" height=\"1086\" src=\"https:\/\/relatostar.com.br\/2024\/wp-content\/uploads\/2025\/05\/RELATORIO-2024-768x1086.png\" class=\"attachment-medium_large size-medium_large wp-image-5517\" alt=\"\" srcset=\"https:\/\/relatostar.com.br\/2024\/wp-content\/uploads\/2025\/05\/RELATORIO-2024-768x1086.png 768w, https:\/\/relatostar.com.br\/2024\/wp-content\/uploads\/2025\/05\/RELATORIO-2024-212x300.png 212w, https:\/\/relatostar.com.br\/2024\/wp-content\/uploads\/2025\/05\/RELATORIO-2024-724x1024.png 724w, https:\/\/relatostar.com.br\/2024\/wp-content\/uploads\/2025\/05\/RELATORIO-2024-1086x1536.png 1086w, https:\/\/relatostar.com.br\/2024\/wp-content\/uploads\/2025\/05\/RELATORIO-2024.png 1414w\" sizes=\"(max-width: 768px) 100vw, 768px\" \/>\t\t\t\t\t\t\t\t\t\t\t\t\t\t\t<\/div>\n\t\t\t\t<\/div>\n\t\t\t\t<div class=\"elementor-element elementor-element-a77082a elementor-align-center elementor-widget elementor-widget-button\" data-id=\"a77082a\" data-element_type=\"widget\" data-e-type=\"widget\" data-widget_type=\"button.default\">\n\t\t\t\t<div class=\"elementor-widget-container\">\n\t\t\t\t\t\t\t\t\t<div class=\"elementor-button-wrapper\">\n\t\t\t\t\t<a class=\"elementor-button elementor-button-link elementor-size-sm\" href=\"https:\/\/relatostar.com.br\/2024\/wp-content\/uploads\/2025\/06\/14498-Relatorio-Sustentabilidade-VWB-2024-PT-V3.pdf\">\n\t\t\t\t\t\t<span class=\"elementor-button-content-wrapper\">\n\t\t\t\t\t\t\t\t\t<span class=\"elementor-button-text\">Clique aqui e baixe o arquivo em Portugu\u00eas<\/span>\n\t\t\t\t\t<\/span>\n\t\t\t\t\t<\/a>\n\t\t\t\t<\/div>\n\t\t\t\t\t\t\t\t<\/div>\n\t\t\t\t<\/div>\n\t\t\t\t\t<\/div>\n\t\t\t\t<\/div>\n\t\t<div class=\"elementor-element elementor-element-439e6ce e-flex e-con-boxed e-con e-child\" data-id=\"439e6ce\" data-element_type=\"container\" data-e-type=\"container\">\n\t\t\t\t\t<div class=\"e-con-inner\">\n\t\t\t\t<div class=\"elementor-element elementor-element-6785d88 elementor-widget elementor-widget-image\" data-id=\"6785d88\" data-element_type=\"widget\" data-e-type=\"widget\" data-widget_type=\"image.default\">\n\t\t\t\t<div class=\"elementor-widget-container\">\n\t\t\t\t\t\t\t\t\t\t\t\t\t\t\t<img decoding=\"async\" width=\"768\" height=\"1086\" src=\"https:\/\/relatostar.com.br\/2024\/wp-content\/uploads\/2025\/06\/14498-Relatorio-Sustentabilidade-VWB-2024-ENG-V3.pdf-768x1086.jpg\" class=\"attachment-medium_large size-medium_large wp-image-5584\" alt=\"\" srcset=\"https:\/\/relatostar.com.br\/2024\/wp-content\/uploads\/2025\/06\/14498-Relatorio-Sustentabilidade-VWB-2024-ENG-V3.pdf-768x1086.jpg 768w, https:\/\/relatostar.com.br\/2024\/wp-content\/uploads\/2025\/06\/14498-Relatorio-Sustentabilidade-VWB-2024-ENG-V3.pdf-212x300.jpg 212w, https:\/\/relatostar.com.br\/2024\/wp-content\/uploads\/2025\/06\/14498-Relatorio-Sustentabilidade-VWB-2024-ENG-V3.pdf-724x1024.jpg 724w, https:\/\/relatostar.com.br\/2024\/wp-content\/uploads\/2025\/06\/14498-Relatorio-Sustentabilidade-VWB-2024-ENG-V3.pdf-1086x1536.jpg 1086w, https:\/\/relatostar.com.br\/2024\/wp-content\/uploads\/2025\/06\/14498-Relatorio-Sustentabilidade-VWB-2024-ENG-V3.pdf.jpg 1414w\" sizes=\"(max-width: 768px) 100vw, 768px\" \/>\t\t\t\t\t\t\t\t\t\t\t\t\t\t\t<\/div>\n\t\t\t\t<\/div>\n\t\t\t\t<div class=\"elementor-element elementor-element-4543fec elementor-align-center elementor-widget elementor-widget-button\" data-id=\"4543fec\" data-element_type=\"widget\" data-e-type=\"widget\" data-widget_type=\"button.default\">\n\t\t\t\t<div class=\"elementor-widget-container\">\n\t\t\t\t\t\t\t\t\t<div class=\"elementor-button-wrapper\">\n\t\t\t\t\t<a class=\"elementor-button elementor-button-link elementor-size-sm\" href=\"https:\/\/relatostar.com.br\/2024\/wp-content\/uploads\/2025\/06\/14498-Relatorio-Sustentabilidade-VWB-2024-ENG-V3.pdf\">\n\t\t\t\t\t\t<span class=\"elementor-button-content-wrapper\">\n\t\t\t\t\t\t\t\t\t<span class=\"elementor-button-text\">Clique aqui e baixe o arquivo em Ingl\u00eas<\/span>\n\t\t\t\t\t<\/span>\n\t\t\t\t\t<\/a>\n\t\t\t\t<\/div>\n\t\t\t\t\t\t\t\t<\/div>\n\t\t\t\t<\/div>\n\t\t\t\t\t<\/div>\n\t\t\t\t<\/div>\n\t\t\t\t<\/div>\n\t\t\t\t<\/div>\n\t\t","protected":false},"excerpt":{"rendered":"<p>Download In\u00edcio Download Clique aqui e baixe o arquivo em Portugu\u00eas Clique aqui e baixe o arquivo em Ingl\u00eas<\/p>\n","protected":false},"author":1,"featured_media":0,"parent":0,"menu_order":0,"comment_status":"closed","ping_status":"closed","template":"elementor_header_footer","meta":{"inline_featured_image":false,"footnotes":""},"class_list":["post-1209","page","type-page","status-publish","hentry"],"_links":{"self":[{"href":"https:\/\/relatostar.com.br\/2024\/wp-json\/wp\/v2\/pages\/1209","targetHints":{"allow":["GET"]}}],"collection":[{"href":"https:\/\/relatostar.com.br\/2024\/wp-json\/wp\/v2\/pages"}],"about":[{"href":"https:\/\/relatostar.com.br\/2024\/wp-json\/wp\/v2\/types\/page"}],"author":[{"embeddable":true,"href":"https:\/\/relatostar.com.br\/2024\/wp-json\/wp\/v2\/users\/1"}],"replies":[{"embeddable":true,"href":"https:\/\/relatostar.com.br\/2024\/wp-json\/wp\/v2\/comments?post=1209"}],"version-history":[{"count":21,"href":"https:\/\/relatostar.com.br\/2024\/wp-json\/wp\/v2\/pages\/1209\/revisions"}],"predecessor-version":[{"id":5592,"href":"https:\/\/relatostar.com.br\/2024\/wp-json\/wp\/v2\/pages\/1209\/revisions\/5592"}],"wp:attachment":[{"href":"https:\/\/relatostar.com.br\/2024\/wp-json\/wp\/v2\/media?parent=1209"}],"curies":[{"name":"wp","href":"https:\/\/api.w.org\/{rel}","templated":true}]}}